{"id":219,"date":"2021-02-05T10:31:12","date_gmt":"2021-02-05T08:31:12","guid":{"rendered":"https:\/\/www.dostavaogrjev.com\/?page_id=219"},"modified":"2023-09-11T11:40:09","modified_gmt":"2023-09-11T09:40:09","slug":"ponuda-dostavaogrjev-com","status":"publish","type":"page","link":"https:\/\/www.dostavaogrjev.com\/?page_id=219","title":{"rendered":"PONUDA DostavaOgrjev.com"},"content":{"rendered":"<p>Sve cijena na web stranici sadr\u017eavaju cijenu dostave, stoga je na po\u010detnoj stranici potrebno odabrati Va\u0161e podru\u010dje dostave. <a href=\"https:\/\/www.dostavaogrjev.com\/\">PO\u010cETNA STRANICA<\/a><\/p>\n<p>U na\u0161oj svakodnevnoj ponudi mo\u017eete na\u0107i:<\/p>\n<section id=\"text-9\" class=\"widget widget_text\">\n<h2 class=\"widget-title\">PELETI A1 EN PLUS (kod peleta mogu\u0107e su izmjene proizvo\u0111a\u010da zbog ote\u017eane nabave peleta)<\/h2>\n<div class=\"textwidget\">\n<p><img loading=\"lazy\" decoding=\"async\" class=\"wp-image-187 size-medium aligncenter\" src=\"https:\/\/www.dostavaogrjev.com\/wp-content\/uploads\/2020\/10\/1122-281x300.jpg\" alt=\"\" width=\"281\" height=\"300\" \/><\/p>\n<h4><strong>RST GOLD PREMIUM A1 EN PLUS kvaliteta<\/strong><\/h4>\n<p>Du\u017eina \u2013 3,15mm &lt; L \u2264 40<br \/>\nPromjer \u2013 mm 6 \u00b1 1<br \/>\nVlaga \u2013 \u22646%<br \/>\nSadr\u017eaj pepela \u2013 &lt;0,6%<br \/>\nBukva 80% i smreka 20%<br \/>\nOkorano drvo (nema kore)<br \/>\n<strong>Ogrjevna vrijednost \u2013 \u22654,9 kWh\/kg<\/strong><\/p>\n<p>Karakteristi\u010dna crvenkasta boja lokalnog drva ukazuje na pove\u0107anu energetsku vrijednost peleta.<\/p>\n<h4><strong>RST PLATIN PREMIUM A1 EN PLUS kvaliteta<\/strong><\/h4>\n<p>Du\u017eina \u2013 3,15mm &lt; L \u2264 40<br \/>\nPromjer \u2013 mm 6 \u00b1 1<br \/>\nVlaga \u2013 \u22646%<br \/>\nSadr\u017eaj pepela \u2013 &lt;0,5%<br \/>\nJela 100%<br \/>\nOkorano drvo (nema kore)<br \/>\n<strong>Ogrjevna vrijednost \u2013 \u22654,8 kWh\/kg<\/strong><\/p>\n<p><strong>Na paleti su pakirane 72 vre\u0107e po 15kg. Minimalna narud\u017eba 1 paleta = 1.080 kg.<\/strong><\/p>\n<\/div>\n<\/section>\n<section id=\"text-3\" class=\"widget widget_text\">\n<h2 class=\"widget-title\">OGRJEVNO DRVO KALIBRIRANO<\/h2>\n<div class=\"textwidget\">\n<p><img loading=\"lazy\" decoding=\"async\" class=\"size-medium wp-image-184 aligncenter\" src=\"https:\/\/www.dostavaogrjev.com\/wp-content\/uploads\/2020\/09\/IMG-20200528-WA0005-225x300.jpg\" sizes=\"(max-width: 225px) 85vw, 225px\" srcset=\"https:\/\/www.dostavaogrjev.com\/wp-content\/uploads\/2020\/09\/IMG-20200528-WA0005-225x300.jpg 225w, https:\/\/www.dostavaogrjev.com\/wp-content\/uploads\/2020\/09\/IMG-20200528-WA0005.jpg 720w\" alt=\"\" width=\"225\" height=\"300\" \/><\/p>\n<p><strong>Vrsta drva: grab, bukva<\/strong><\/p>\n<p>Paleta velika \u2013 1 x 1 x 1,8 m<br \/>\nPaleta mala \u2013 1 x 1 x 1 m<\/p>\n<p><strong>Du\u017eina cjepanica 25 cm, 33 cm ili 45 cm<\/strong><\/p>\n<\/div>\n<\/section>\n<section id=\"text-10\" class=\"widget widget_text\">\n<h2 class=\"widget-title\">BRIKETI<\/h2>\n<div class=\"textwidget\">\n<p><img loading=\"lazy\" decoding=\"async\" class=\"alignnone size-medium wp-image-57 aligncenter\" src=\"https:\/\/www.dostavaogrjev.com\/wp-content\/uploads\/2020\/05\/drveni_briketi-300x200.jpg\" sizes=\"(max-width: 300px) 85vw, 300px\" srcset=\"https:\/\/www.dostavaogrjev.com\/wp-content\/uploads\/2020\/05\/drveni_briketi-300x200.jpg 300w, https:\/\/www.dostavaogrjev.com\/wp-content\/uploads\/2020\/05\/drveni_briketi-768x512.jpg 768w, https:\/\/www.dostavaogrjev.com\/wp-content\/uploads\/2020\/05\/drveni_briketi.jpg 800w\" alt=\"\" width=\"300\" height=\"200\" \/><\/p>\n<p><strong>Pakiranje 10 kg\u00a0<\/strong><\/p>\n<p>Briketi Bjelin sa visokom ogrjevnom vrijedno\u0161\u0107u i jednostavnom upotrebom. Napravljeni su iz ostataka \u010distog drva, zbog \u010dega imaju vrlo niski sadr\u017eaj pepela. Mogu se upotrebljavati: u pe\u0107ima za grijanje, kru\u0161nim pe\u0107ima (npr. picerije), za kamin i kod lo\u017eenja na otvorenom. Mije\u0161ano bukva, grab, hrast, jela.<\/p>\n<p><strong>Minimalna dostava 900 kg = 1 paleta<\/strong><\/p>\n<\/div>\n<\/section>\n<section id=\"text-6\" class=\"widget widget_text\">\n<h2 class=\"widget-title\">TRIJESKA ZA POTPALU<\/h2>\n<div class=\"textwidget\">\n<p><img loading=\"lazy\" decoding=\"async\" class=\"alignnone size-medium wp-image-41 aligncenter\" src=\"https:\/\/www.dostavaogrjev.com\/wp-content\/uploads\/2020\/05\/drvo-potpalu-slika-56205474-Large-300x225.jpg\" sizes=\"(max-width: 300px) 85vw, 300px\" srcset=\"https:\/\/www.dostavaogrjev.com\/wp-content\/uploads\/2020\/05\/drvo-potpalu-slika-56205474-Large-300x225.jpg 300w, https:\/\/www.dostavaogrjev.com\/wp-content\/uploads\/2020\/05\/drvo-potpalu-slika-56205474-Large-1024x768.jpg 1024w, https:\/\/www.dostavaogrjev.com\/wp-content\/uploads\/2020\/05\/drvo-potpalu-slika-56205474-Large-768x576.jpg 768w, https:\/\/www.dostavaogrjev.com\/wp-content\/uploads\/2020\/05\/drvo-potpalu-slika-56205474-Large-1200x900.jpg 1200w, https:\/\/www.dostavaogrjev.com\/wp-content\/uploads\/2020\/05\/drvo-potpalu-slika-56205474-Large.jpg 1440w\" alt=\"\" width=\"300\" height=\"225\" \/><\/p>\n<p><strong>cca. 4 kg\/pakiranje \u2013 0,0022m2<\/strong><\/p>\n<\/div>\n<\/section>\n<section id=\"text-13\" class=\"widget widget_text\">\n<h2 class=\"widget-title\">DRVO II KLASE<\/h2>\n<div class=\"textwidget\">\n<p><img loading=\"lazy\" decoding=\"async\" class=\"size-medium wp-image-186 aligncenter\" src=\"https:\/\/www.dostavaogrjev.com\/wp-content\/uploads\/2020\/10\/121026811_166457365087763_5598630303791021925_o-300x300.jpg\" alt=\"\" width=\"300\" height=\"300\" \/><\/p>\n<p>Grab\/bukva<br \/>\nnarezano na 33 cm<br \/>\nII KLASA<br \/>\n1 paleta = 2 m drva<br \/>\nZa razliku od I klase, drvo II klase mo\u017ee sadr\u017eavati razli\u010dite boje drva, a na pojedinim komadima mo\u017ee postojati i truli dio<\/p>\n<\/div>\n<\/section>\n<section id=\"text-4\" class=\"widget widget_text\">\n<h2 class=\"widget-title\">OGRJEVNO DRVO NEKALIBRIRANO<\/h2>\n<p><img loading=\"lazy\" decoding=\"async\" class=\"size-medium wp-image-231 aligncenter\" src=\"https:\/\/www.dostavaogrjev.com\/wp-content\/uploads\/2021\/02\/cijepano_nekalibrirano-225x300.jpg\" sizes=\"(max-width: 225px) 85vw, 225px\" srcset=\"https:\/\/www.dostavaogrjev.com\/wp-content\/uploads\/2021\/02\/cijepano_nekalibrirano-225x300.jpg 225w, https:\/\/www.dostavaogrjev.com\/wp-content\/uploads\/2021\/02\/cijepano_nekalibrirano-768x1023.jpg 768w, https:\/\/www.dostavaogrjev.com\/wp-content\/uploads\/2021\/02\/cijepano_nekalibrirano-1153x1536.jpg 1153w, https:\/\/www.dostavaogrjev.com\/wp-content\/uploads\/2021\/02\/cijepano_nekalibrirano.jpg 1200w\" alt=\"\" width=\"225\" height=\"300\" \/><\/p>\n<p><strong>Mije\u0161ano razli\u010dite dimenzije, cijepano<\/strong><\/p>\n<p>2 m = 1 paleta; bukva, grab; drva su razli\u010ditih dimenzija od 25 do 33 cm; do 5% sadr\u017eaja mo\u017ee biti drvo i lo\u0161ije kvalitete (trulo, raspadaju\u0107e); na pojedinim komadima mo\u017ee postojati i truli dio<\/p>\n<div class=\"textwidget\">\n<p><img loading=\"lazy\" decoding=\"async\" class=\"size-medium wp-image-40 aligncenter\" src=\"https:\/\/www.dostavaogrjev.com\/wp-content\/uploads\/2020\/05\/Drvo_nekalibrirano-Large-300x225.jpg\" sizes=\"(max-width: 300px) 85vw, 300px\" srcset=\"https:\/\/www.dostavaogrjev.com\/wp-content\/uploads\/2020\/05\/Drvo_nekalibrirano-Large-300x225.jpg 300w, https:\/\/www.dostavaogrjev.com\/wp-content\/uploads\/2020\/05\/Drvo_nekalibrirano-Large-1024x768.jpg 1024w, https:\/\/www.dostavaogrjev.com\/wp-content\/uploads\/2020\/05\/Drvo_nekalibrirano-Large-768x576.jpg 768w, https:\/\/www.dostavaogrjev.com\/wp-content\/uploads\/2020\/05\/Drvo_nekalibrirano-Large-1200x900.jpg 1200w, https:\/\/www.dostavaogrjev.com\/wp-content\/uploads\/2020\/05\/Drvo_nekalibrirano-Large.jpg 1440w\" alt=\"\" width=\"300\" height=\"225\" \/><\/p>\n<p><strong>Mije\u0161ano razli\u010dite dimenzije, nije cijepano<\/strong><\/p>\n<p>2 m3 \u2013 1 paleta; bukva, grab; drva su razli\u010ditih dimenzija; do 5% sadr\u017eaja mo\u017ee biti drvo i lo\u0161ije kvalitete (trulo, raspadaju\u0107e); na pojedinim komadima mo\u017ee postojati i truli dio<\/p>\n<p>&nbsp;<\/p>\n<h2><a href=\"https:\/\/www.dostavaogrjev.com\/?page_id=373\" target=\"_blank\" rel=\"noopener\"><strong>Pozivamo vas da klikom ovdje posjetite i stranicu sa DETEKTORIMA DIMA i UGLJI\u010cNOG MONOKSIDA (CO).<\/strong><\/a><\/h2>\n<\/div>\n<\/section>\n","protected":false},"excerpt":{"rendered":"<p>Sve cijena na web stranici sadr\u017eavaju cijenu dostave, stoga je na po\u010detnoj stranici potrebno odabrati Va\u0161e podru\u010dje dostave. PO\u010cETNA STRANICA U na\u0161oj svakodnevnoj ponudi mo\u017eete na\u0107i: PELETI A1 EN PLUS (kod peleta mogu\u0107e su izmjene proizvo\u0111a\u010da zbog ote\u017eane nabave peleta) RST GOLD PREMIUM A1 EN PLUS kvaliteta Du\u017eina \u2013 3,15mm &lt; L \u2264 40 Promjer &hellip; <a href=\"https:\/\/www.dostavaogrjev.com\/?page_id=219\" class=\"more-link\">Nastavi \u010ditati<span class=\"screen-reader-text\"> &#8220;PONUDA DostavaOgrjev.com&#8221;<\/span><\/a><\/p>\n","protected":false},"author":1,"featured_media":0,"parent":0,"menu_order":0,"comment_status":"closed","ping_status":"closed","template":"","meta":{"_monsterinsights_skip_tracking":false,"_monsterinsights_sitenote_active":false,"_monsterinsights_sitenote_note":"","_monsterinsights_sitenote_category":0,"_uf_show_specific_survey":0,"_uf_disable_surveys":false,"footnotes":""},"class_list":["post-219","page","type-page","status-publish","hentry"],"aioseo_notices":[],"_links":{"self":[{"href":"https:\/\/www.dostavaogrjev.com\/index.php?rest_route=\/wp\/v2\/pages\/219"}],"collection":[{"href":"https:\/\/www.dostavaogrjev.com\/index.php?rest_route=\/wp\/v2\/pages"}],"about":[{"href":"https:\/\/www.dostavaogrjev.com\/index.php?rest_route=\/wp\/v2\/types\/page"}],"author":[{"embeddable":true,"href":"https:\/\/www.dostavaogrjev.com\/index.php?rest_route=\/wp\/v2\/users\/1"}],"replies":[{"embeddable":true,"href":"https:\/\/www.dostavaogrjev.com\/index.php?rest_route=%2Fwp%2Fv2%2Fcomments&post=219"}],"version-history":[{"count":13,"href":"https:\/\/www.dostavaogrjev.com\/index.php?rest_route=\/wp\/v2\/pages\/219\/revisions"}],"predecessor-version":[{"id":475,"href":"https:\/\/www.dostavaogrjev.com\/index.php?rest_route=\/wp\/v2\/pages\/219\/revisions\/475"}],"wp:attachment":[{"href":"https:\/\/www.dostavaogrjev.com\/index.php?rest_route=%2Fwp%2Fv2%2Fmedia&parent=219"}],"curies":[{"name":"wp","href":"https:\/\/api.w.org\/{rel}","templated":true}]}}