{"id":113,"date":"2020-06-04T14:59:28","date_gmt":"2020-06-04T12:59:28","guid":{"rendered":"https:\/\/www.dostavaogrjev.com\/?page_id=113"},"modified":"2020-06-04T14:59:28","modified_gmt":"2020-06-04T12:59:28","slug":"suradnja","status":"publish","type":"page","link":"https:\/\/www.dostavaogrjev.com\/?page_id=113","title":{"rendered":"Suradnja"},"content":{"rendered":"<p>Ukoliko se bavite s ogrjevnim proizvodima, a \u017eelite preko na\u0161e platforme www.dostavaogrjev.com otvoriti si novo tr\u017ei\u0161te prodaje Va\u0161ih proizvoda Va\u0161im susjedima i sugra\u0111anima, Va\u0161i proizvodi mogu tako\u0111er biti zastupljeni na na\u0161im stranicama.<\/p>\n<p>U svakom gradu i \u017eupaniji imamo strogo ograni\u010den broj mjesta za zainteresirane proizvo\u0111a\u010de.<\/p>\n<p>Trenutno tra\u017eimo zainteresirane proizvo\u0111a\u010de iz vi\u0161e hrvatskih \u017eupanija, a za vi\u0161e informacija slobodno nas kontaktirajte na info @ dostavaogrjev.com (bez razmaka).<\/p>\n","protected":false},"excerpt":{"rendered":"<p>Ukoliko se bavite s ogrjevnim proizvodima, a \u017eelite preko na\u0161e platforme www.dostavaogrjev.com otvoriti si novo tr\u017ei\u0161te prodaje Va\u0161ih proizvoda Va\u0161im susjedima i sugra\u0111anima, Va\u0161i proizvodi mogu tako\u0111er biti zastupljeni na na\u0161im stranicama. U svakom gradu i \u017eupaniji imamo strogo ograni\u010den broj mjesta za zainteresirane proizvo\u0111a\u010de. Trenutno tra\u017eimo zainteresirane proizvo\u0111a\u010de iz vi\u0161e hrvatskih \u017eupanija, a za &hellip; <a href=\"https:\/\/www.dostavaogrjev.com\/?page_id=113\" class=\"more-link\">Nastavi \u010ditati<span class=\"screen-reader-text\"> &#8220;Suradnja&#8221;<\/span><\/a><\/p>\n","protected":false},"author":1,"featured_media":0,"parent":0,"menu_order":0,"comment_status":"closed","ping_status":"closed","template":"","meta":{"_monsterinsights_skip_tracking":false,"_monsterinsights_sitenote_active":false,"_monsterinsights_sitenote_note":"","_monsterinsights_sitenote_category":0,"_uf_show_specific_survey":0,"_uf_disable_surveys":false,"footnotes":""},"class_list":["post-113","page","type-page","status-publish","hentry"],"aioseo_notices":[],"_links":{"self":[{"href":"https:\/\/www.dostavaogrjev.com\/index.php?rest_route=\/wp\/v2\/pages\/113"}],"collection":[{"href":"https:\/\/www.dostavaogrjev.com\/index.php?rest_route=\/wp\/v2\/pages"}],"about":[{"href":"https:\/\/www.dostavaogrjev.com\/index.php?rest_route=\/wp\/v2\/types\/page"}],"author":[{"embeddable":true,"href":"https:\/\/www.dostavaogrjev.com\/index.php?rest_route=\/wp\/v2\/users\/1"}],"replies":[{"embeddable":true,"href":"https:\/\/www.dostavaogrjev.com\/index.php?rest_route=%2Fwp%2Fv2%2Fcomments&post=113"}],"version-history":[{"count":1,"href":"https:\/\/www.dostavaogrjev.com\/index.php?rest_route=\/wp\/v2\/pages\/113\/revisions"}],"predecessor-version":[{"id":114,"href":"https:\/\/www.dostavaogrjev.com\/index.php?rest_route=\/wp\/v2\/pages\/113\/revisions\/114"}],"wp:attachment":[{"href":"https:\/\/www.dostavaogrjev.com\/index.php?rest_route=%2Fwp%2Fv2%2Fmedia&parent=113"}],"curies":[{"name":"wp","href":"https:\/\/api.w.org\/{rel}","templated":true}]}}