{"id":10,"date":"2020-05-28T17:46:06","date_gmt":"2020-05-28T15:46:06","guid":{"rendered":"https:\/\/www.dostavaogrjev.com\/?page_id=10"},"modified":"2022-03-08T18:24:09","modified_gmt":"2022-03-08T16:24:09","slug":"podrucja-dostave-ogrjeva","status":"publish","type":"page","link":"https:\/\/www.dostavaogrjev.com\/?page_id=10","title":{"rendered":"Podru\u010dje dostave"},"content":{"rendered":"<h3><span style=\"color: #ff0000;\"><strong>Kliknite na Va\u0161e podru\u010dje dostave (otvoriti \u0107e Vam se narud\u017ebenica za sve proizvode s istaknutim cijenama):<\/strong><\/span><\/h3>\n<p><a href=\"https:\/\/www.dostavaogrjev.com\/?page_id=29\" target=\"_blank\" rel=\"noopener noreferrer\">Grad Zagreb<\/a><br \/>\n<a href=\"https:\/\/www.dostavaogrjev.com\/?page_id=75\" target=\"_blank\" rel=\"noopener noreferrer\">Jastrebarsko<\/a><br \/>\n<a href=\"https:\/\/www.dostavaogrjev.com\/?page_id=73\" target=\"_blank\" rel=\"noopener noreferrer\">Duga Resa<\/a><br \/>\n<a href=\"https:\/\/www.dostavaogrjev.com\/?page_id=73\" target=\"_blank\" rel=\"noopener noreferrer\">Karlovac<\/a><br \/>\n<a href=\"https:\/\/www.dostavaogrjev.com\/?page_id=75\" target=\"_blank\" rel=\"noopener noreferrer\">Klin\u010da Sela<\/a><br \/>\n<a href=\"https:\/\/www.dostavaogrjev.com\/?page_id=73\" target=\"_blank\" rel=\"noopener noreferrer\">Lu\u010dko<\/a><br \/>\n<a href=\"https:\/\/www.dostavaogrjev.com\/?page_id=73\" target=\"_blank\" rel=\"noopener noreferrer\">Samobor<\/a><br \/>\n<a href=\"https:\/\/www.dostavaogrjev.com\/?page_id=73\" target=\"_blank\" rel=\"noopener noreferrer\">Stupnik<\/a><br \/>\n<a href=\"https:\/\/www.dostavaogrjev.com\/?page_id=73\" target=\"_blank\" rel=\"noopener noreferrer\">Sveta Nedelja<\/a><br \/>\n<a href=\"https:\/\/www.dostavaogrjev.com\/?page_id=29\" target=\"_blank\" rel=\"noopener noreferrer\">Velika Gorica<\/a><br \/>\n<a href=\"https:\/\/www.dostavaogrjev.com\/?page_id=29\" target=\"_blank\" rel=\"noopener noreferrer\">Zapre\u0161i\u0107<\/a><\/p>\n<p>Svakodnevno dostavljamo sve zastupljene proizvode na podru\u010dja koja su navedena iznad. <strong>Dostava je uklju\u010dena<\/strong> u cijene koje su navedene na web stranici.<\/p>\n<p><strong>Kod nas mo\u017eete naru\u010diti:<\/strong><br \/>\nOGRJEVNO DRVO, PELETI, BRIKETI, TRIJESKA ZA POTPALU I REZANE TRUPCI (vrtne staze).<\/p>\n<hr \/>\n<p>Ukoliko Va\u0161eg podru\u010dja nema na popisu, trenutno ne dostavljamo na Va\u0161e podru\u010dje, ali slobodno nam po\u0161aljite upit na na\u0161 e-mail info @ dostavaogrjev.com (bez razmaka).<\/p>\n<p>Dostave se obavljaju svakodnevno od 8.00 do 16.00h, a ukoliko imate poseban zahtjev molimo Vas navedite to u napomeni narud\u017ebe. Dostava se NE pla\u0107a dodatno ukoliko je zadovoljena minimalna visina narud\u017ebe, te sve cijene ve\u0107 uklju\u010duju tro\u0161ak dostave.<\/p>\n","protected":false},"excerpt":{"rendered":"<p>Kliknite na Va\u0161e podru\u010dje dostave (otvoriti \u0107e Vam se narud\u017ebenica za sve proizvode s istaknutim cijenama): Grad Zagreb Jastrebarsko Duga Resa Karlovac Klin\u010da Sela Lu\u010dko Samobor Stupnik Sveta Nedelja Velika Gorica Zapre\u0161i\u0107 Svakodnevno dostavljamo sve zastupljene proizvode na podru\u010dja koja su navedena iznad. Dostava je uklju\u010dena u cijene koje su navedene na web stranici. Kod &hellip; <a href=\"https:\/\/www.dostavaogrjev.com\/?page_id=10\" class=\"more-link\">Nastavi \u010ditati<span class=\"screen-reader-text\"> &#8220;Podru\u010dje dostave&#8221;<\/span><\/a><\/p>\n","protected":false},"author":1,"featured_media":0,"parent":0,"menu_order":0,"comment_status":"closed","ping_status":"closed","template":"","meta":{"_monsterinsights_skip_tracking":false,"_monsterinsights_sitenote_active":false,"_monsterinsights_sitenote_note":"","_monsterinsights_sitenote_category":0,"_uf_show_specific_survey":0,"_uf_disable_surveys":false,"footnotes":""},"class_list":["post-10","page","type-page","status-publish","hentry"],"aioseo_notices":[],"_links":{"self":[{"href":"https:\/\/www.dostavaogrjev.com\/index.php?rest_route=\/wp\/v2\/pages\/10"}],"collection":[{"href":"https:\/\/www.dostavaogrjev.com\/index.php?rest_route=\/wp\/v2\/pages"}],"about":[{"href":"https:\/\/www.dostavaogrjev.com\/index.php?rest_route=\/wp\/v2\/types\/page"}],"author":[{"embeddable":true,"href":"https:\/\/www.dostavaogrjev.com\/index.php?rest_route=\/wp\/v2\/users\/1"}],"replies":[{"embeddable":true,"href":"https:\/\/www.dostavaogrjev.com\/index.php?rest_route=%2Fwp%2Fv2%2Fcomments&post=10"}],"version-history":[{"count":36,"href":"https:\/\/www.dostavaogrjev.com\/index.php?rest_route=\/wp\/v2\/pages\/10\/revisions"}],"predecessor-version":[{"id":415,"href":"https:\/\/www.dostavaogrjev.com\/index.php?rest_route=\/wp\/v2\/pages\/10\/revisions\/415"}],"wp:attachment":[{"href":"https:\/\/www.dostavaogrjev.com\/index.php?rest_route=%2Fwp%2Fv2%2Fmedia&parent=10"}],"curies":[{"name":"wp","href":"https:\/\/api.w.org\/{rel}","templated":true}]}}